{"id":700,"date":"2024-04-15T14:51:13","date_gmt":"2024-04-15T14:51:13","guid":{"rendered":"https:\/\/www.machatka-electronics.at\/?page_id=700"},"modified":"2024-04-15T14:53:04","modified_gmt":"2024-04-15T14:53:04","slug":"datenschutz","status":"publish","type":"page","link":"https:\/\/www.machatka-electronics.at\/en\/datenschutz\/","title":{"rendered":"Privacy Policy"},"content":{"rendered":"<div data-elementor-type=\"wp-page\" data-elementor-id=\"700\" class=\"elementor elementor-700\" data-elementor-post-type=\"page\">\n\t\t\t\t<div class=\"elementor-element elementor-element-c928629 e-flex e-con-boxed e-con e-parent\" data-id=\"c928629\" data-element_type=\"container\">\n\t\t\t\t\t<div class=\"e-con-inner\">\n\t\t<div class=\"elementor-element elementor-element-fd337a1 e-flex e-con-boxed e-con e-child\" data-id=\"fd337a1\" data-element_type=\"container\">\n\t\t\t\t\t<div class=\"e-con-inner\">\n\t\t\t\t<div class=\"elementor-element elementor-element-34b5f45 elementor-widget elementor-widget-heading\" data-id=\"34b5f45\" data-element_type=\"widget\" data-widget_type=\"heading.default\">\n\t\t\t\t<div class=\"elementor-widget-container\">\n\t\t\t<h2 class=\"elementor-heading-title elementor-size-default\">Privacy Policy<\/h2>\t\t<\/div>\n\t\t\t\t<\/div>\n\t\t\t\t\t<\/div>\n\t\t\t\t<\/div>\n\t\t\t\t\t<\/div>\n\t\t\t\t<\/div>\n\t\t<div class=\"elementor-element elementor-element-2ba3981 e-con-full e-flex e-con e-parent\" data-id=\"2ba3981\" data-element_type=\"container\">\n\t\t\t\t<div class=\"elementor-element elementor-element-bc0e86e elementor-widget elementor-widget-text-editor\" data-id=\"bc0e86e\" data-element_type=\"widget\" data-widget_type=\"text-editor.default\">\n\t\t\t\t<div class=\"elementor-widget-container\">\n\t\t\t\t\t\t\t<p>This privacy policy informs you about the nature, scope, and purpose of the processing of personal data (hereinafter referred to as \"data\") within our online offering and associated websites, features, and content, as well as external online presences, such as our social media profiles (collectively referred to as \"online offering\"). For definitions of terms such as \"processing\" or \"controller,\" please refer to Article 4 of the General Data Protection Regulation (GDPR).<\/p>\t\t\t\t\t\t<\/div>\n\t\t\t\t<\/div>\n\t\t\t\t<\/div>\n\t\t<div class=\"elementor-element elementor-element-ccd33e6 e-flex e-con-boxed e-con e-parent\" data-id=\"ccd33e6\" data-element_type=\"container\">\n\t\t\t\t\t<div class=\"e-con-inner\">\n\t\t<div class=\"elementor-element elementor-element-ba599b0 e-flex e-con-boxed e-con e-child\" data-id=\"ba599b0\" data-element_type=\"container\">\n\t\t\t\t\t<div class=\"e-con-inner\">\n\t\t\t\t<div class=\"elementor-element elementor-element-089800f elementor-widget elementor-widget-heading\" data-id=\"089800f\" data-element_type=\"widget\" data-widget_type=\"heading.default\">\n\t\t\t\t<div class=\"elementor-widget-container\">\n\t\t\t<h2 class=\"elementor-heading-title elementor-size-default\">Page Operator and Responsible for Content<\/h2>\t\t<\/div>\n\t\t\t\t<\/div>\n\t\t\t\t\t<\/div>\n\t\t\t\t<\/div>\n\t\t\t\t\t<\/div>\n\t\t\t\t<\/div>\n\t\t<div class=\"elementor-element elementor-element-e261cee e-con-full e-flex e-con e-parent\" data-id=\"e261cee\" data-element_type=\"container\">\n\t\t\t\t<div class=\"elementor-element elementor-element-013f158 elementor-widget elementor-widget-text-editor\" data-id=\"013f158\" data-element_type=\"widget\" data-widget_type=\"text-editor.default\">\n\t\t\t\t<div class=\"elementor-widget-container\">\n\t\t\t\t\t\t\t<p><strong>Machatka Electronics GmbH<\/strong><br \/>Hedy-Urach-Gasse 7<br \/>A-1130 Wien<\/p><p>Mobil: +43 \/ 664 \/ 383 67 80<\/p><p>Internet: www.machatka-electronics.at<br \/>E-Mail: christian@machatka-electronics.at<\/p><p>Company Register: FN 623 239 d \u2013 Handelsgericht Wien<\/p><p>DVR-Nr.: ????????\u00a0\u2013 UID: ????????\u00a0\u2013 ARA-Nr.: ????????<br \/>EORI-Nummer:\u00a0????????<\/p><p>Elektro-Altger\u00e4teverordnung<br \/>ERA-Nr.:\u00a0????????<\/p>\t\t\t\t\t\t<\/div>\n\t\t\t\t<\/div>\n\t\t\t\t<\/div>\n\t\t\t\t<\/div>","protected":false},"excerpt":{"rendered":"<p>DATENSCHUTZERKL\u00c4RUNG Diese Datenschutzerkl\u00e4rung kl\u00e4rt Sie \u00fcber die Art, den Umfang und Zweck der Verarbeitung von personenbezogenen Daten (nachfolgend kurz \u201eDaten\u201c) innerhalb unseres Onlineangebotes und der mit ihm verbundenen Webseiten, Funktionen und Inhalte sowie externen Onlinepr\u00e4senzen, wie z.B. unser Social Media Profile auf (nachfolgend gemeinsam bezeichnet als \u201eOnlineangebot\u201c). Im Hinblick auf die verwendeten Begrifflichkeiten, wie z.B. [&hellip;]<\/p>","protected":false},"author":1,"featured_media":0,"parent":0,"menu_order":0,"comment_status":"closed","ping_status":"closed","template":"elementor_header_footer","meta":{"_acf_changed":false,"footnotes":""},"class_list":["post-700","page","type-page","status-publish","hentry"],"acf":[],"yoast_head":"<!-- This site is optimized with the Yoast SEO plugin v23.4 - https:\/\/yoast.com\/wordpress\/plugins\/seo\/ -->\n<title>Datenschutz - Machatka-Electronics<\/title>\n<meta name=\"robots\" content=\"index, follow, max-snippet:-1, max-image-preview:large, max-video-preview:-1\" \/>\n<link rel=\"canonical\" href=\"https:\/\/www.machatka-electronics.at\/en\/datenschutz\/\" \/>\n<meta property=\"og:locale\" content=\"en_US\" \/>\n<meta property=\"og:type\" content=\"article\" \/>\n<meta property=\"og:title\" content=\"Datenschutz - Machatka-Electronics\" \/>\n<meta property=\"og:description\" content=\"DATENSCHUTZERKL\u00c4RUNG Diese Datenschutzerkl\u00e4rung kl\u00e4rt Sie \u00fcber die Art, den Umfang und Zweck der Verarbeitung von personenbezogenen Daten (nachfolgend kurz \u201eDaten\u201c) innerhalb unseres Onlineangebotes und der mit ihm verbundenen Webseiten, Funktionen und Inhalte sowie externen Onlinepr\u00e4senzen, wie z.B. unser Social Media Profile auf (nachfolgend gemeinsam bezeichnet als \u201eOnlineangebot\u201c). Im Hinblick auf die verwendeten Begrifflichkeiten, wie z.B. [&hellip;]\" \/>\n<meta property=\"og:url\" content=\"https:\/\/www.machatka-electronics.at\/en\/datenschutz\/\" \/>\n<meta property=\"og:site_name\" content=\"Machatka-Electronics\" \/>\n<meta property=\"article:modified_time\" content=\"2024-04-15T14:53:04+00:00\" \/>\n<meta name=\"twitter:card\" content=\"summary_large_image\" \/>\n<script type=\"application\/ld+json\" class=\"yoast-schema-graph\">{\"@context\":\"https:\/\/schema.org\",\"@graph\":[{\"@type\":\"WebPage\",\"@id\":\"https:\/\/www.machatka-electronics.at\/datenschutz\/\",\"url\":\"https:\/\/www.machatka-electronics.at\/datenschutz\/\",\"name\":\"Datenschutz - Machatka-Electronics\",\"isPartOf\":{\"@id\":\"https:\/\/www.machatka-electronics.at\/de\/#website\"},\"datePublished\":\"2024-04-15T14:51:13+00:00\",\"dateModified\":\"2024-04-15T14:53:04+00:00\",\"breadcrumb\":{\"@id\":\"https:\/\/www.machatka-electronics.at\/datenschutz\/#breadcrumb\"},\"inLanguage\":\"en-US\",\"potentialAction\":[{\"@type\":\"ReadAction\",\"target\":[\"https:\/\/www.machatka-electronics.at\/datenschutz\/\"]}]},{\"@type\":\"BreadcrumbList\",\"@id\":\"https:\/\/www.machatka-electronics.at\/datenschutz\/#breadcrumb\",\"itemListElement\":[{\"@type\":\"ListItem\",\"position\":1,\"name\":\"Home\",\"item\":\"https:\/\/www.machatka-electronics.at\/de\/\"},{\"@type\":\"ListItem\",\"position\":2,\"name\":\"Datenschutz\"}]},{\"@type\":\"WebSite\",\"@id\":\"https:\/\/www.machatka-electronics.at\/de\/#website\",\"url\":\"https:\/\/www.machatka-electronics.at\/de\/\",\"name\":\"Machatka-Electronics\",\"description\":\"Innovative Stromversorgungsl\u00f6sungen f\u00fcr eine nachhaltige Zukunft\",\"publisher\":{\"@id\":\"https:\/\/www.machatka-electronics.at\/de\/#organization\"},\"alternateName\":\"Machatka Electronics\",\"potentialAction\":[{\"@type\":\"SearchAction\",\"target\":{\"@type\":\"EntryPoint\",\"urlTemplate\":\"https:\/\/www.machatka-electronics.at\/de\/?s={search_term_string}\"},\"query-input\":{\"@type\":\"PropertyValueSpecification\",\"valueRequired\":true,\"valueName\":\"search_term_string\"}}],\"inLanguage\":\"en-US\"},{\"@type\":\"Organization\",\"@id\":\"https:\/\/www.machatka-electronics.at\/de\/#organization\",\"name\":\"Machatka-Electronics GmbH\",\"alternateName\":\"Machatka Electronics GmbH\",\"url\":\"https:\/\/www.machatka-electronics.at\/de\/\",\"logo\":{\"@type\":\"ImageObject\",\"inLanguage\":\"en-US\",\"@id\":\"https:\/\/www.machatka-electronics.at\/de\/#\/schema\/logo\/image\/\",\"url\":\"https:\/\/www.machatka-electronics.at\/wp-content\/uploads\/2024\/04\/cropped-Machatka_Electronics_Logo_blue.png\",\"contentUrl\":\"https:\/\/www.machatka-electronics.at\/wp-content\/uploads\/2024\/04\/cropped-Machatka_Electronics_Logo_blue.png\",\"width\":512,\"height\":200,\"caption\":\"Machatka-Electronics GmbH\"},\"image\":{\"@id\":\"https:\/\/www.machatka-electronics.at\/de\/#\/schema\/logo\/image\/\"}}]}<\/script>\n<!-- \/ Yoast SEO plugin. -->","yoast_head_json":{"title":"Datenschutz - Machatka-Electronics","robots":{"index":"index","follow":"follow","max-snippet":"max-snippet:-1","max-image-preview":"max-image-preview:large","max-video-preview":"max-video-preview:-1"},"canonical":"https:\/\/www.machatka-electronics.at\/en\/datenschutz\/","og_locale":"en_US","og_type":"article","og_title":"Datenschutz - Machatka-Electronics","og_description":"DATENSCHUTZERKL\u00c4RUNG Diese Datenschutzerkl\u00e4rung kl\u00e4rt Sie \u00fcber die Art, den Umfang und Zweck der Verarbeitung von personenbezogenen Daten (nachfolgend kurz \u201eDaten\u201c) innerhalb unseres Onlineangebotes und der mit ihm verbundenen Webseiten, Funktionen und Inhalte sowie externen Onlinepr\u00e4senzen, wie z.B. unser Social Media Profile auf (nachfolgend gemeinsam bezeichnet als \u201eOnlineangebot\u201c). Im Hinblick auf die verwendeten Begrifflichkeiten, wie z.B. [&hellip;]","og_url":"https:\/\/www.machatka-electronics.at\/en\/datenschutz\/","og_site_name":"Machatka-Electronics","article_modified_time":"2024-04-15T14:53:04+00:00","twitter_card":"summary_large_image","schema":{"@context":"https:\/\/schema.org","@graph":[{"@type":"WebPage","@id":"https:\/\/www.machatka-electronics.at\/datenschutz\/","url":"https:\/\/www.machatka-electronics.at\/datenschutz\/","name":"Datenschutz - Machatka-Electronics","isPartOf":{"@id":"https:\/\/www.machatka-electronics.at\/de\/#website"},"datePublished":"2024-04-15T14:51:13+00:00","dateModified":"2024-04-15T14:53:04+00:00","breadcrumb":{"@id":"https:\/\/www.machatka-electronics.at\/datenschutz\/#breadcrumb"},"inLanguage":"en-US","potentialAction":[{"@type":"ReadAction","target":["https:\/\/www.machatka-electronics.at\/datenschutz\/"]}]},{"@type":"BreadcrumbList","@id":"https:\/\/www.machatka-electronics.at\/datenschutz\/#breadcrumb","itemListElement":[{"@type":"ListItem","position":1,"name":"Home","item":"https:\/\/www.machatka-electronics.at\/de\/"},{"@type":"ListItem","position":2,"name":"Datenschutz"}]},{"@type":"WebSite","@id":"https:\/\/www.machatka-electronics.at\/de\/#website","url":"https:\/\/www.machatka-electronics.at\/de\/","name":"Machatka-Electronics","description":"Innovative Stromversorgungsl\u00f6sungen f\u00fcr eine nachhaltige Zukunft","publisher":{"@id":"https:\/\/www.machatka-electronics.at\/de\/#organization"},"alternateName":"Machatka Electronics","potentialAction":[{"@type":"SearchAction","target":{"@type":"EntryPoint","urlTemplate":"https:\/\/www.machatka-electronics.at\/de\/?s={search_term_string}"},"query-input":{"@type":"PropertyValueSpecification","valueRequired":true,"valueName":"search_term_string"}}],"inLanguage":"en-US"},{"@type":"Organization","@id":"https:\/\/www.machatka-electronics.at\/de\/#organization","name":"Machatka-Electronics GmbH","alternateName":"Machatka Electronics GmbH","url":"https:\/\/www.machatka-electronics.at\/de\/","logo":{"@type":"ImageObject","inLanguage":"en-US","@id":"https:\/\/www.machatka-electronics.at\/de\/#\/schema\/logo\/image\/","url":"https:\/\/www.machatka-electronics.at\/wp-content\/uploads\/2024\/04\/cropped-Machatka_Electronics_Logo_blue.png","contentUrl":"https:\/\/www.machatka-electronics.at\/wp-content\/uploads\/2024\/04\/cropped-Machatka_Electronics_Logo_blue.png","width":512,"height":200,"caption":"Machatka-Electronics GmbH"},"image":{"@id":"https:\/\/www.machatka-electronics.at\/de\/#\/schema\/logo\/image\/"}}]}},"_links":{"self":[{"href":"https:\/\/www.machatka-electronics.at\/en\/wp-json\/wp\/v2\/pages\/700","targetHints":{"allow":["GET"]}}],"collection":[{"href":"https:\/\/www.machatka-electronics.at\/en\/wp-json\/wp\/v2\/pages"}],"about":[{"href":"https:\/\/www.machatka-electronics.at\/en\/wp-json\/wp\/v2\/types\/page"}],"author":[{"embeddable":true,"href":"https:\/\/www.machatka-electronics.at\/en\/wp-json\/wp\/v2\/users\/1"}],"replies":[{"embeddable":true,"href":"https:\/\/www.machatka-electronics.at\/en\/wp-json\/wp\/v2\/comments?post=700"}],"version-history":[{"count":7,"href":"https:\/\/www.machatka-electronics.at\/en\/wp-json\/wp\/v2\/pages\/700\/revisions"}],"predecessor-version":[{"id":707,"href":"https:\/\/www.machatka-electronics.at\/en\/wp-json\/wp\/v2\/pages\/700\/revisions\/707"}],"wp:attachment":[{"href":"https:\/\/www.machatka-electronics.at\/en\/wp-json\/wp\/v2\/media?parent=700"}],"curies":[{"name":"wp","href":"https:\/\/api.w.org\/{rel}","templated":true}]}}