{"id":667,"date":"2024-04-15T14:26:43","date_gmt":"2024-04-15T14:26:43","guid":{"rendered":"https:\/\/www.machatka-electronics.at\/?page_id=667"},"modified":"2024-05-01T15:27:07","modified_gmt":"2024-05-01T15:27:07","slug":"impressum","status":"publish","type":"page","link":"https:\/\/www.machatka-electronics.at\/en\/impressum\/","title":{"rendered":"Legal Notice"},"content":{"rendered":"<div data-elementor-type=\"wp-page\" data-elementor-id=\"667\" class=\"elementor elementor-667\" data-elementor-post-type=\"page\">\n\t\t\t\t<div class=\"elementor-element elementor-element-c928629 e-flex e-con-boxed e-con e-parent\" data-id=\"c928629\" data-element_type=\"container\">\n\t\t\t\t\t<div class=\"e-con-inner\">\n\t\t<div class=\"elementor-element elementor-element-fd337a1 e-flex e-con-boxed e-con e-child\" data-id=\"fd337a1\" data-element_type=\"container\">\n\t\t\t\t\t<div class=\"e-con-inner\">\n\t\t\t\t<div class=\"elementor-element elementor-element-34b5f45 elementor-widget elementor-widget-heading\" data-id=\"34b5f45\" data-element_type=\"widget\" data-widget_type=\"heading.default\">\n\t\t\t\t<div class=\"elementor-widget-container\">\n\t\t\t<h2 class=\"elementor-heading-title elementor-size-default\">IMPRINT<\/h2>\t\t<\/div>\n\t\t\t\t<\/div>\n\t\t\t\t\t<\/div>\n\t\t\t\t<\/div>\n\t\t\t\t\t<\/div>\n\t\t\t\t<\/div>\n\t\t<div class=\"elementor-element elementor-element-2ba3981 e-con-full e-flex e-con e-parent\" data-id=\"2ba3981\" data-element_type=\"container\">\n\t\t\t\t<div class=\"elementor-element elementor-element-bc0e86e elementor-widget elementor-widget-text-editor\" data-id=\"bc0e86e\" data-element_type=\"widget\" data-widget_type=\"text-editor.default\">\n\t\t\t\t<div class=\"elementor-widget-container\">\n\t\t\t\t\t\t\t<p><strong>Page Operator and Responsible for Content:&nbsp;<\/strong><\/p>\n<p><strong>Machatka Electronics GmbH<\/strong><br>Hedy-Urach-Gasse 7<br>A-1130 Wien<\/p>\n<p>Mobil: +43 \/ 664 \/ 383 67 80<\/p>\n<p>Internet: www.machatka-electronics.at<br>E-Mail: christian@machatka-electronics.at<\/p>\n<p>Company Register: FN 623 239 d \u2013 Handelsgericht Wien<\/p>\n<p>UID:&nbsp; ATU 80443502<\/p>\n<p><br><\/p>\t\t\t\t\t\t<\/div>\n\t\t\t\t<\/div>\n\t\t\t\t<\/div>\n\t\t<div class=\"elementor-element elementor-element-ccd33e6 e-flex e-con-boxed e-con e-parent\" data-id=\"ccd33e6\" data-element_type=\"container\">\n\t\t\t\t\t<div class=\"e-con-inner\">\n\t\t<div class=\"elementor-element elementor-element-ba599b0 e-flex e-con-boxed e-con e-child\" data-id=\"ba599b0\" data-element_type=\"container\">\n\t\t\t\t\t<div class=\"e-con-inner\">\n\t\t\t\t<div class=\"elementor-element elementor-element-089800f elementor-widget elementor-widget-heading\" data-id=\"089800f\" data-element_type=\"widget\" data-widget_type=\"heading.default\">\n\t\t\t\t<div class=\"elementor-widget-container\">\n\t\t\t<h2 class=\"elementor-heading-title elementor-size-default\">Legal Information<\/h2>\t\t<\/div>\n\t\t\t\t<\/div>\n\t\t\t\t\t<\/div>\n\t\t\t\t<\/div>\n\t\t\t\t\t<\/div>\n\t\t\t\t<\/div>\n\t\t<div class=\"elementor-element elementor-element-e261cee e-con-full e-flex e-con e-parent\" data-id=\"e261cee\" data-element_type=\"container\">\n\t\t\t\t<div class=\"elementor-element elementor-element-013f158 elementor-widget elementor-widget-text-editor\" data-id=\"013f158\" data-element_type=\"widget\" data-widget_type=\"text-editor.default\">\n\t\t\t\t<div class=\"elementor-widget-container\">\n\t\t\t\t\t\t\t<p><strong>1. Limitation of Liability<\/strong><br \/>The content of this website has been created with the utmost care and to the best of our knowledge. However, the provider of this website does not guarantee the accuracy, completeness, or timeliness of the information provided.<br \/>As a service provider, the operator of this website is responsible for its own content and information provided on these pages according to \u00a7 7 Abs. 1 TMG under general laws. However, according to \u00a7\u00a7 8 to 10 TMG, there is no obligation to monitor transmitted or stored external information. Removal or blocking of such content will be carried out promptly once a specific legal violation is known. Liability only arises from the moment of becoming aware of the violation.<\/p><p><strong>2. External Links<\/strong><br \/>The website contains \"external links\" (links) to other websites over which the website provider has no control. Therefore, the provider cannot assume any responsibility for the content of these external sites.<br \/>The content and accuracy of the information provided on the linked websites are the responsibility of the respective providers. At the time of linking, no legal violations were apparent. If such a violation becomes known, the link will be removed immediately.<\/p><p><b>3. Copyright\/Related Rights<br \/><\/b>The content, works, and information published on this website are subject to German copyright and related rights. Any form of reproduction, modification, distribution, storage, or exploitation beyond the limits of copyright requires prior written consent from the respective rights holder. Unauthorized copying or saving of the information provided on these websites is not permitted and is punishable by law.<\/p><p><b>4. Data Protection<br \/><\/b>When visiting the website, information (such as date, time, and accessed pages) may be stored on the server. No personal data (e.g., name, address, or email address) is collected or stored.<\/p><p>If personal data is collected, it will, where possible, only be done with the prior consent of the website user. Data will not be shared with third parties without the explicit consent of the user.<\/p><p>The provider points out that data transmission over the internet (e.g., via email) may have security vulnerabilities and that complete protection of data from unauthorized access cannot be guaranteed. The provider assumes no liability for damages resulting from such security vulnerabilities.<\/p><p>The use of contact information by third parties for commercial purposes is expressly prohibited unless the provider has given prior written consent. The provider reserves the right to take legal action in the event of unsolicited advertising, such as spam emails.<\/p>\t\t\t\t\t\t<\/div>\n\t\t\t\t<\/div>\n\t\t\t\t<\/div>\n\t\t\t\t<\/div>","protected":false},"excerpt":{"rendered":"<p>IMPRESSUM Seitenbetreiber und f\u00fcr die Inhalte verantwortlich:&nbsp; Machatka Electronics GmbHHedy-Urach-Gasse 7A-1130 Wien Mobil: +43 \/ 664 \/ 383 67 80 Internet: www.machatka-electronics.atE-Mail: christian@machatka-electronics.at Firmenbuch: FN 623 239 d&nbsp;\u2013 Handelsgericht Wien UID:&nbsp; ATU 80443502 Rechtliches 1. Haftungsbeschr\u00e4nkungDie Inhalte des Internetauftritts wurden mit gr\u00f6\u00dftm\u00f6glicher Sorgfalt und nach bestem Gewissen erstellt. Dennoch \u00fcbernimmt der Anbieter dieser Webseite keine [&hellip;]<\/p>","protected":false},"author":1,"featured_media":0,"parent":0,"menu_order":0,"comment_status":"closed","ping_status":"closed","template":"elementor_header_footer","meta":{"_acf_changed":false,"footnotes":""},"class_list":["post-667","page","type-page","status-publish","hentry"],"acf":[],"yoast_head":"<!-- This site is optimized with the Yoast SEO plugin v23.4 - https:\/\/yoast.com\/wordpress\/plugins\/seo\/ -->\n<title>Impressum - Machatka-Electronics<\/title>\n<meta name=\"robots\" content=\"index, follow, max-snippet:-1, max-image-preview:large, max-video-preview:-1\" \/>\n<link rel=\"canonical\" href=\"https:\/\/www.machatka-electronics.at\/en\/impressum\/\" \/>\n<meta property=\"og:locale\" content=\"en_US\" \/>\n<meta property=\"og:type\" content=\"article\" \/>\n<meta property=\"og:title\" content=\"Impressum - Machatka-Electronics\" \/>\n<meta property=\"og:description\" content=\"IMPRESSUM Seitenbetreiber und f\u00fcr die Inhalte verantwortlich:&nbsp; Machatka Electronics GmbHHedy-Urach-Gasse 7A-1130 Wien Mobil: +43 \/ 664 \/ 383 67 80 Internet: www.machatka-electronics.atE-Mail: christian@machatka-electronics.at Firmenbuch: FN 623 239 d&nbsp;\u2013 Handelsgericht Wien UID:&nbsp; ATU 80443502 Rechtliches 1. Haftungsbeschr\u00e4nkungDie Inhalte des Internetauftritts wurden mit gr\u00f6\u00dftm\u00f6glicher Sorgfalt und nach bestem Gewissen erstellt. Dennoch \u00fcbernimmt der Anbieter dieser Webseite keine [&hellip;]\" \/>\n<meta property=\"og:url\" content=\"https:\/\/www.machatka-electronics.at\/en\/impressum\/\" \/>\n<meta property=\"og:site_name\" content=\"Machatka-Electronics\" \/>\n<meta property=\"article:modified_time\" content=\"2024-05-01T15:27:07+00:00\" \/>\n<meta name=\"twitter:card\" content=\"summary_large_image\" \/>\n<meta name=\"twitter:label1\" content=\"Est. reading time\" \/>\n\t<meta name=\"twitter:data1\" content=\"2 minutes\" \/>\n<script type=\"application\/ld+json\" class=\"yoast-schema-graph\">{\"@context\":\"https:\/\/schema.org\",\"@graph\":[{\"@type\":\"WebPage\",\"@id\":\"https:\/\/www.machatka-electronics.at\/de\/impressum\/\",\"url\":\"https:\/\/www.machatka-electronics.at\/de\/impressum\/\",\"name\":\"Impressum - Machatka-Electronics\",\"isPartOf\":{\"@id\":\"https:\/\/www.machatka-electronics.at\/de\/#website\"},\"datePublished\":\"2024-04-15T14:26:43+00:00\",\"dateModified\":\"2024-05-01T15:27:07+00:00\",\"breadcrumb\":{\"@id\":\"https:\/\/www.machatka-electronics.at\/de\/impressum\/#breadcrumb\"},\"inLanguage\":\"en-US\",\"potentialAction\":[{\"@type\":\"ReadAction\",\"target\":[\"https:\/\/www.machatka-electronics.at\/de\/impressum\/\"]}]},{\"@type\":\"BreadcrumbList\",\"@id\":\"https:\/\/www.machatka-electronics.at\/de\/impressum\/#breadcrumb\",\"itemListElement\":[{\"@type\":\"ListItem\",\"position\":1,\"name\":\"Home\",\"item\":\"https:\/\/www.machatka-electronics.at\/de\/\"},{\"@type\":\"ListItem\",\"position\":2,\"name\":\"Impressum\"}]},{\"@type\":\"WebSite\",\"@id\":\"https:\/\/www.machatka-electronics.at\/de\/#website\",\"url\":\"https:\/\/www.machatka-electronics.at\/de\/\",\"name\":\"Machatka-Electronics\",\"description\":\"Innovative Stromversorgungsl\u00f6sungen f\u00fcr eine nachhaltige Zukunft\",\"publisher\":{\"@id\":\"https:\/\/www.machatka-electronics.at\/de\/#organization\"},\"alternateName\":\"Machatka Electronics\",\"potentialAction\":[{\"@type\":\"SearchAction\",\"target\":{\"@type\":\"EntryPoint\",\"urlTemplate\":\"https:\/\/www.machatka-electronics.at\/de\/?s={search_term_string}\"},\"query-input\":{\"@type\":\"PropertyValueSpecification\",\"valueRequired\":true,\"valueName\":\"search_term_string\"}}],\"inLanguage\":\"en-US\"},{\"@type\":\"Organization\",\"@id\":\"https:\/\/www.machatka-electronics.at\/de\/#organization\",\"name\":\"Machatka-Electronics GmbH\",\"alternateName\":\"Machatka Electronics GmbH\",\"url\":\"https:\/\/www.machatka-electronics.at\/de\/\",\"logo\":{\"@type\":\"ImageObject\",\"inLanguage\":\"en-US\",\"@id\":\"https:\/\/www.machatka-electronics.at\/de\/#\/schema\/logo\/image\/\",\"url\":\"https:\/\/www.machatka-electronics.at\/wp-content\/uploads\/2024\/04\/cropped-Machatka_Electronics_Logo_blue.png\",\"contentUrl\":\"https:\/\/www.machatka-electronics.at\/wp-content\/uploads\/2024\/04\/cropped-Machatka_Electronics_Logo_blue.png\",\"width\":512,\"height\":200,\"caption\":\"Machatka-Electronics GmbH\"},\"image\":{\"@id\":\"https:\/\/www.machatka-electronics.at\/de\/#\/schema\/logo\/image\/\"}}]}<\/script>\n<!-- \/ Yoast SEO plugin. -->","yoast_head_json":{"title":"Impressum - Machatka-Electronics","robots":{"index":"index","follow":"follow","max-snippet":"max-snippet:-1","max-image-preview":"max-image-preview:large","max-video-preview":"max-video-preview:-1"},"canonical":"https:\/\/www.machatka-electronics.at\/en\/impressum\/","og_locale":"en_US","og_type":"article","og_title":"Impressum - Machatka-Electronics","og_description":"IMPRESSUM Seitenbetreiber und f\u00fcr die Inhalte verantwortlich:&nbsp; Machatka Electronics GmbHHedy-Urach-Gasse 7A-1130 Wien Mobil: +43 \/ 664 \/ 383 67 80 Internet: www.machatka-electronics.atE-Mail: christian@machatka-electronics.at Firmenbuch: FN 623 239 d&nbsp;\u2013 Handelsgericht Wien UID:&nbsp; ATU 80443502 Rechtliches 1. Haftungsbeschr\u00e4nkungDie Inhalte des Internetauftritts wurden mit gr\u00f6\u00dftm\u00f6glicher Sorgfalt und nach bestem Gewissen erstellt. Dennoch \u00fcbernimmt der Anbieter dieser Webseite keine [&hellip;]","og_url":"https:\/\/www.machatka-electronics.at\/en\/impressum\/","og_site_name":"Machatka-Electronics","article_modified_time":"2024-05-01T15:27:07+00:00","twitter_card":"summary_large_image","twitter_misc":{"Est. reading time":"2 minutes"},"schema":{"@context":"https:\/\/schema.org","@graph":[{"@type":"WebPage","@id":"https:\/\/www.machatka-electronics.at\/de\/impressum\/","url":"https:\/\/www.machatka-electronics.at\/de\/impressum\/","name":"Impressum - Machatka-Electronics","isPartOf":{"@id":"https:\/\/www.machatka-electronics.at\/de\/#website"},"datePublished":"2024-04-15T14:26:43+00:00","dateModified":"2024-05-01T15:27:07+00:00","breadcrumb":{"@id":"https:\/\/www.machatka-electronics.at\/de\/impressum\/#breadcrumb"},"inLanguage":"en-US","potentialAction":[{"@type":"ReadAction","target":["https:\/\/www.machatka-electronics.at\/de\/impressum\/"]}]},{"@type":"BreadcrumbList","@id":"https:\/\/www.machatka-electronics.at\/de\/impressum\/#breadcrumb","itemListElement":[{"@type":"ListItem","position":1,"name":"Home","item":"https:\/\/www.machatka-electronics.at\/de\/"},{"@type":"ListItem","position":2,"name":"Impressum"}]},{"@type":"WebSite","@id":"https:\/\/www.machatka-electronics.at\/de\/#website","url":"https:\/\/www.machatka-electronics.at\/de\/","name":"Machatka-Electronics","description":"Innovative Stromversorgungsl\u00f6sungen f\u00fcr eine nachhaltige Zukunft","publisher":{"@id":"https:\/\/www.machatka-electronics.at\/de\/#organization"},"alternateName":"Machatka Electronics","potentialAction":[{"@type":"SearchAction","target":{"@type":"EntryPoint","urlTemplate":"https:\/\/www.machatka-electronics.at\/de\/?s={search_term_string}"},"query-input":{"@type":"PropertyValueSpecification","valueRequired":true,"valueName":"search_term_string"}}],"inLanguage":"en-US"},{"@type":"Organization","@id":"https:\/\/www.machatka-electronics.at\/de\/#organization","name":"Machatka-Electronics GmbH","alternateName":"Machatka Electronics GmbH","url":"https:\/\/www.machatka-electronics.at\/de\/","logo":{"@type":"ImageObject","inLanguage":"en-US","@id":"https:\/\/www.machatka-electronics.at\/de\/#\/schema\/logo\/image\/","url":"https:\/\/www.machatka-electronics.at\/wp-content\/uploads\/2024\/04\/cropped-Machatka_Electronics_Logo_blue.png","contentUrl":"https:\/\/www.machatka-electronics.at\/wp-content\/uploads\/2024\/04\/cropped-Machatka_Electronics_Logo_blue.png","width":512,"height":200,"caption":"Machatka-Electronics GmbH"},"image":{"@id":"https:\/\/www.machatka-electronics.at\/de\/#\/schema\/logo\/image\/"}}]}},"_links":{"self":[{"href":"https:\/\/www.machatka-electronics.at\/en\/wp-json\/wp\/v2\/pages\/667","targetHints":{"allow":["GET"]}}],"collection":[{"href":"https:\/\/www.machatka-electronics.at\/en\/wp-json\/wp\/v2\/pages"}],"about":[{"href":"https:\/\/www.machatka-electronics.at\/en\/wp-json\/wp\/v2\/types\/page"}],"author":[{"embeddable":true,"href":"https:\/\/www.machatka-electronics.at\/en\/wp-json\/wp\/v2\/users\/1"}],"replies":[{"embeddable":true,"href":"https:\/\/www.machatka-electronics.at\/en\/wp-json\/wp\/v2\/comments?post=667"}],"version-history":[{"count":28,"href":"https:\/\/www.machatka-electronics.at\/en\/wp-json\/wp\/v2\/pages\/667\/revisions"}],"predecessor-version":[{"id":907,"href":"https:\/\/www.machatka-electronics.at\/en\/wp-json\/wp\/v2\/pages\/667\/revisions\/907"}],"wp:attachment":[{"href":"https:\/\/www.machatka-electronics.at\/en\/wp-json\/wp\/v2\/media?parent=667"}],"curies":[{"name":"wp","href":"https:\/\/api.w.org\/{rel}","templated":true}]}}