{"id":37,"date":"2024-03-25T12:44:19","date_gmt":"2024-03-25T12:44:19","guid":{"rendered":"https:\/\/www.machatka-electronics.at\/?page_id=37"},"modified":"2025-10-07T12:10:57","modified_gmt":"2025-10-07T12:10:57","slug":"kontakt","status":"publish","type":"page","link":"https:\/\/www.machatka-electronics.at\/en\/kontakt\/","title":{"rendered":"Contact"},"content":{"rendered":"<div data-elementor-type=\"wp-page\" data-elementor-id=\"37\" class=\"elementor elementor-37\" data-elementor-post-type=\"page\">\n\t\t\t\t<div class=\"elementor-element elementor-element-6c66427 e-flex e-con-boxed e-con e-parent\" data-id=\"6c66427\" data-element_type=\"container\" data-settings=\"{&quot;background_background&quot;:&quot;classic&quot;}\">\n\t\t\t\t\t<div class=\"e-con-inner\">\n\t\t\t\t<div class=\"elementor-element elementor-element-3bae9b97 elementor-widget elementor-widget-heading\" data-id=\"3bae9b97\" data-element_type=\"widget\" data-widget_type=\"heading.default\">\n\t\t\t\t<div class=\"elementor-widget-container\">\n\t\t\t<h1 class=\"elementor-heading-title elementor-size-default\">Contact Information<\/h1>\t\t<\/div>\n\t\t\t\t<\/div>\n\t\t\t\t\t<\/div>\n\t\t\t\t<\/div>\n\t\t<div class=\"elementor-element elementor-element-c928629 e-flex e-con-boxed e-con e-parent\" data-id=\"c928629\" data-element_type=\"container\">\n\t\t\t\t\t<div class=\"e-con-inner\">\n\t\t<div class=\"elementor-element elementor-element-fd337a1 e-flex e-con-boxed e-con e-child\" data-id=\"fd337a1\" data-element_type=\"container\">\n\t\t\t\t\t<div class=\"e-con-inner\">\n\t\t\t\t<div class=\"elementor-element elementor-element-34b5f45 elementor-widget elementor-widget-heading\" data-id=\"34b5f45\" data-element_type=\"widget\" data-widget_type=\"heading.default\">\n\t\t\t\t<div class=\"elementor-widget-container\">\n\t\t\t<h2 class=\"elementor-heading-title elementor-size-default\">Your Contact at Machatka Electronics GmbH<\/h2>\t\t<\/div>\n\t\t\t\t<\/div>\n\t\t\t\t\t<\/div>\n\t\t\t\t<\/div>\n\t\t\t\t\t<\/div>\n\t\t\t\t<\/div>\n\t\t<div class=\"elementor-element elementor-element-2ba3981 e-grid e-con-full e-con e-parent\" data-id=\"2ba3981\" data-element_type=\"container\">\n\t\t<div class=\"elementor-element elementor-element-aaa7037 e-con-full e-flex e-con e-child\" data-id=\"aaa7037\" data-element_type=\"container\">\n\t\t\t\t<div class=\"elementor-element elementor-element-834d751 elementor-widget__width-initial elementor-widget elementor-widget-image\" data-id=\"834d751\" data-element_type=\"widget\" data-widget_type=\"image.default\">\n\t\t\t\t<div class=\"elementor-widget-container\">\n\t\t\t\t\t\t\t\t\t\t\t\t\t<img fetchpriority=\"high\" decoding=\"async\" width=\"452\" height=\"602\" src=\"https:\/\/www.machatka-electronics.at\/wp-content\/uploads\/2025\/10\/Christian-Machatka-akt-1.jpg\" class=\"attachment-large size-large wp-image-1439\" alt=\"\" srcset=\"https:\/\/www.machatka-electronics.at\/wp-content\/uploads\/2025\/10\/Christian-Machatka-akt-1.jpg 452w, https:\/\/www.machatka-electronics.at\/wp-content\/uploads\/2025\/10\/Christian-Machatka-akt-1-225x300.jpg 225w, https:\/\/www.machatka-electronics.at\/wp-content\/uploads\/2025\/10\/Christian-Machatka-akt-1-9x12.jpg 9w\" sizes=\"(max-width: 452px) 100vw, 452px\" \/>\t\t\t\t\t\t\t\t\t\t\t\t\t<\/div>\n\t\t\t\t<\/div>\n\t\t\t\t<div class=\"elementor-element elementor-element-d7f05b0 elementor-widget elementor-widget-heading\" data-id=\"d7f05b0\" data-element_type=\"widget\" data-widget_type=\"heading.default\">\n\t\t\t\t<div class=\"elementor-widget-container\">\n\t\t\t<h2 class=\"elementor-heading-title elementor-size-default\">CEO<\/h2>\t\t<\/div>\n\t\t\t\t<\/div>\n\t\t\t\t<div class=\"elementor-element elementor-element-9ecd79e elementor-widget elementor-widget-text-editor\" data-id=\"9ecd79e\" data-element_type=\"widget\" data-widget_type=\"text-editor.default\">\n\t\t\t\t<div class=\"elementor-widget-container\">\n\t\t\t\t\t\t\t<strong>Christian Machatka<\/strong>\t\t\t\t\t\t<\/div>\n\t\t\t\t<\/div>\n\t\t\t\t<div class=\"elementor-element elementor-element-d5e34bc elementor-widget elementor-widget-text-editor\" data-id=\"d5e34bc\" data-element_type=\"widget\" data-widget_type=\"text-editor.default\">\n\t\t\t\t<div class=\"elementor-widget-container\">\n\t\t\t\t\t\t\tM: +43 \/ 664 \/ 383 67 80\n<br>\nE: <a href=\"mailto:christian@machatka-electronics.at\">christian@machatka-electronics.at<\/a>\t\t\t\t\t\t<\/div>\n\t\t\t\t<\/div>\n\t\t\t\t<div class=\"elementor-element elementor-element-8fdcfb4 elementor-hidden-mobile elementor-widget elementor-widget-html\" data-id=\"8fdcfb4\" data-element_type=\"widget\" data-widget_type=\"html.default\">\n\t\t\t\t<div class=\"elementor-widget-container\">\n\t\t\t<style>\n  .qr-container {\n    position: relative;\n    display: inline-block;\n    cursor: pointer;\n    font-size: 18px;\n    color: #0077cc;\n  }\n\n  .qr-code {\n    position: absolute;\n    bottom: 120%; \/* \u00f6ffnet nach oben *\/\n    left: 0%;\n    transform: translateX(0);\n    padding: 12px;\n    background: white;\n    border: 1px solid #ccc;\n    border-radius: 10px;\n    box-shadow: 0 4px 12px rgba(0, 0, 0, 0.15);\n    display: none;\n    z-index: 10;\n    text-align: center;\n\n    \/* Neu hinzugef\u00fcgt: Box-Gr\u00f6\u00dfe *\/\n    width: 300px;\n    max-width: none;\n  }\n\n  .qr-code img {\n    width: 100%;    \/* f\u00fcllt die Box vollst\u00e4ndig *\/\n    height: auto;\n    display: block;\n  }\n\n  .qr-container:hover .qr-code {\n    display: block;\n  }\n<\/style>\n\n<div class=\"qr-container\">\n  QR-Code scannen\n  <div class=\"qr-code\">\n    <img decoding=\"async\" src=\"https:\/\/www.machatka-electronics.at\/wp-content\/uploads\/2025\/05\/vcard_qr_christian_machatka.png\" alt=\"QR Code\">\n  <\/div>\n<\/div>\n\t\t<\/div>\n\t\t\t\t<\/div>\n\t\t\t\t<\/div>\n\t\t<div class=\"elementor-element elementor-element-2f5b4b5 e-con-full e-flex e-con e-child\" data-id=\"2f5b4b5\" data-element_type=\"container\">\n\t\t\t\t<div class=\"elementor-element elementor-element-6782e32 elementor-widget elementor-widget-image\" data-id=\"6782e32\" data-element_type=\"widget\" data-widget_type=\"image.default\">\n\t\t\t\t<div class=\"elementor-widget-container\">\n\t\t\t\t\t\t\t\t\t\t\t\t\t<img decoding=\"async\" width=\"452\" height=\"602\" src=\"https:\/\/www.machatka-electronics.at\/wp-content\/uploads\/2024\/10\/Olga_Graf_2.jpg\" class=\"attachment-large size-large wp-image-1202\" alt=\"\" srcset=\"https:\/\/www.machatka-electronics.at\/wp-content\/uploads\/2024\/10\/Olga_Graf_2.jpg 452w, https:\/\/www.machatka-electronics.at\/wp-content\/uploads\/2024\/10\/Olga_Graf_2-225x300.jpg 225w, https:\/\/www.machatka-electronics.at\/wp-content\/uploads\/2024\/10\/Olga_Graf_2-9x12.jpg 9w\" sizes=\"(max-width: 452px) 100vw, 452px\" \/>\t\t\t\t\t\t\t\t\t\t\t\t\t<\/div>\n\t\t\t\t<\/div>\n\t\t\t\t<div class=\"elementor-element elementor-element-254770e elementor-widget elementor-widget-heading\" data-id=\"254770e\" data-element_type=\"widget\" data-widget_type=\"heading.default\">\n\t\t\t\t<div class=\"elementor-widget-container\">\n\t\t\t<h2 class=\"elementor-heading-title elementor-size-default\">Assistant to the CEO<\/h2>\t\t<\/div>\n\t\t\t\t<\/div>\n\t\t\t\t<div class=\"elementor-element elementor-element-cc6570b elementor-widget elementor-widget-text-editor\" data-id=\"cc6570b\" data-element_type=\"widget\" data-widget_type=\"text-editor.default\">\n\t\t\t\t<div class=\"elementor-widget-container\">\n\t\t\t\t\t\t\t<p><strong>Olga Graf<\/strong><\/p>\t\t\t\t\t\t<\/div>\n\t\t\t\t<\/div>\n\t\t\t\t<div class=\"elementor-element elementor-element-9619fc3 elementor-widget elementor-widget-text-editor\" data-id=\"9619fc3\" data-element_type=\"widget\" data-widget_type=\"text-editor.default\">\n\t\t\t\t<div class=\"elementor-widget-container\">\n\t\t\t\t\t\t\tM: +43 \/ 664 \/ 517 2018<br>\nE: <a href=\"mailto:office@machatka-electronics.at\">office@machatka-electronics.at<\/a>\t\t\t\t\t\t<\/div>\n\t\t\t\t<\/div>\n\t\t\t\t<div class=\"elementor-element elementor-element-5abb52e elementor-hidden-mobile elementor-widget elementor-widget-html\" data-id=\"5abb52e\" data-element_type=\"widget\" data-widget_type=\"html.default\">\n\t\t\t\t<div class=\"elementor-widget-container\">\n\t\t\t<div class=\"qr-container\">\n  QR-Code scannen\n  <div class=\"qr-code\">\n    <img decoding=\"async\" src=\"https:\/\/www.machatka-electronics.at\/wp-content\/uploads\/2025\/05\/vcard_qr_olga_graf.png\" alt=\"QR Code\">\n  <\/div>\n<\/div>\n\t\t<\/div>\n\t\t\t\t<\/div>\n\t\t\t\t<\/div>\n\t\t\t\t<\/div>\n\t\t<div class=\"elementor-element elementor-element-QDcKajP e-flex e-con-boxed e-con e-parent\" data-id=\"QDcKajP\" data-element_type=\"container\">\n\t\t\t\t\t<div class=\"e-con-inner\">\n\t\t\t\t<div class=\"elementor-element elementor-element-w2K0PE5 elementor-widget__width-inherit elementor-widget elementor-widget-heading\" data-id=\"w2K0PE5\" data-element_type=\"widget\" data-widget_type=\"heading.default\">\n\t\t\t\t<div class=\"elementor-widget-container\">\n\t\t\t<h2 class=\"elementor-heading-title elementor-size-default\"><b>Company Details<\/b><\/h2>\t\t<\/div>\n\t\t\t\t<\/div>\n\t\t\t\t\t<\/div>\n\t\t\t\t<\/div>\n\t\t<div class=\"elementor-element elementor-element-7aace05 e-grid e-con-full e-con e-parent\" data-id=\"7aace05\" data-element_type=\"container\">\n\t\t\t\t<div class=\"elementor-element elementor-element-86a6dbd elementor-widget elementor-widget-text-editor\" data-id=\"86a6dbd\" data-element_type=\"widget\" data-widget_type=\"text-editor.default\">\n\t\t\t\t<div class=\"elementor-widget-container\">\n\t\t\t\t\t\t\t<p><strong>Machatka Electronics GmbH<\/strong><\/p><p>Hedy-Urach-Gasse 7<br \/>A-1130 Wien<\/p>\t\t\t\t\t\t<\/div>\n\t\t\t\t<\/div>\n\t\t\t\t<div class=\"elementor-element elementor-element-a3a0b9c elementor-widget elementor-widget-text-editor\" data-id=\"a3a0b9c\" data-element_type=\"widget\" data-widget_type=\"text-editor.default\">\n\t\t\t\t<div class=\"elementor-widget-container\">\n\t\t\t\t\t\t\t<p><strong>Bank Data<\/strong><\/p><p>&#8222;Erste Bank&#8220;<br \/>SWIFT Code: GIBAATWWXXX<br \/>IBAN: AT31 2011 1850 4400 2900<\/p>\t\t\t\t\t\t<\/div>\n\t\t\t\t<\/div>\n\t\t\t\t<div class=\"elementor-element elementor-element-5bf7002 elementor-widget elementor-widget-text-editor\" data-id=\"5bf7002\" data-element_type=\"widget\" data-widget_type=\"text-editor.default\">\n\t\t\t\t<div class=\"elementor-widget-container\">\n\t\t\t\t\t\t\t<p><strong>Company and Registration Data<\/strong><\/p><p>ATU 80443502<br \/>FN 623 239 d Handelsgericht Wien<br \/>ARA Nr.: 26231<br \/>ERA Nr.: 52451<br \/>D-U-N-S Nummer: 30-091-2659<br \/>EORI: ATEOS1000146279<\/p>\t\t\t\t\t\t<\/div>\n\t\t\t\t<\/div>\n\t\t\t\t<\/div>\n\t\t\t\t<\/div>","protected":false},"excerpt":{"rendered":"<p>Kontaktdaten Ihre Ansprechpartner bei Machatka Electronics GmbH Gesch\u00e4ftsf\u00fchrung Christian MachatkaM: +43 \/ 664 \/ 383 67 80 E: christian@machatka-electronics.at QR-Code scannen Assistentin der Gesch\u00e4ftsf\u00fchrung Olga Graf M: +43 \/ 664 \/ 517 2018 E: office@machatka-electronics.at QR-Code scannen Firmendaten Machatka Electronics GmbH Hedy-Urach-Gasse 7A-1130 Wien Bankdaten &#8222;Erste Bank&#8220;SWIFT Code: GIBAATWWXXXIBAN: AT31 2011 1850 4400 2900 Firmen- [&hellip;]<\/p>","protected":false},"author":1,"featured_media":0,"parent":0,"menu_order":0,"comment_status":"closed","ping_status":"closed","template":"elementor_header_footer","meta":{"_acf_changed":false,"footnotes":""},"class_list":["post-37","page","type-page","status-publish","hentry"],"acf":[],"yoast_head":"<!-- This site is optimized with the Yoast SEO plugin v23.4 - https:\/\/yoast.com\/wordpress\/plugins\/seo\/ -->\n<title>Kontakt - Machatka-Electronics<\/title>\n<meta name=\"description\" content=\"Treten Sie mit Machatka Electronics in Kontakt. Wir beraten Sie gerne zu Elektronischen Lasten, DC\/AC-Testsystemen und USV-Anlagen. Jetzt unverbindlich anfragen!\" \/>\n<meta name=\"robots\" content=\"index, follow, max-snippet:-1, max-image-preview:large, max-video-preview:-1\" \/>\n<link rel=\"canonical\" href=\"https:\/\/www.machatka-electronics.at\/en\/kontakt\/\" \/>\n<meta property=\"og:locale\" content=\"en_US\" \/>\n<meta property=\"og:type\" content=\"article\" \/>\n<meta property=\"og:title\" content=\"Kontakt - Machatka-Electronics\" \/>\n<meta property=\"og:description\" content=\"Treten Sie mit Machatka Electronics in Kontakt. Wir beraten Sie gerne zu Elektronischen Lasten, DC\/AC-Testsystemen und USV-Anlagen. Jetzt unverbindlich anfragen!\" \/>\n<meta property=\"og:url\" content=\"https:\/\/www.machatka-electronics.at\/en\/kontakt\/\" \/>\n<meta property=\"og:site_name\" content=\"Machatka-Electronics\" \/>\n<meta property=\"article:modified_time\" content=\"2025-10-07T12:10:57+00:00\" \/>\n<meta property=\"og:image\" content=\"https:\/\/www.machatka-electronics.at\/wp-content\/uploads\/2025\/10\/Christian-Machatka-akt-1.jpg\" \/>\n<meta name=\"twitter:card\" content=\"summary_large_image\" \/>\n<meta name=\"twitter:label1\" content=\"Est. reading time\" \/>\n\t<meta name=\"twitter:data1\" content=\"2 minutes\" \/>\n<script type=\"application\/ld+json\" class=\"yoast-schema-graph\">{\"@context\":\"https:\/\/schema.org\",\"@graph\":[{\"@type\":\"WebPage\",\"@id\":\"https:\/\/www.machatka-electronics.at\/kontakt\/\",\"url\":\"https:\/\/www.machatka-electronics.at\/kontakt\/\",\"name\":\"Kontakt - Machatka-Electronics\",\"isPartOf\":{\"@id\":\"https:\/\/www.machatka-electronics.at\/de\/#website\"},\"primaryImageOfPage\":{\"@id\":\"https:\/\/www.machatka-electronics.at\/kontakt\/#primaryimage\"},\"image\":{\"@id\":\"https:\/\/www.machatka-electronics.at\/kontakt\/#primaryimage\"},\"thumbnailUrl\":\"https:\/\/www.machatka-electronics.at\/wp-content\/uploads\/2025\/10\/Christian-Machatka-akt-1.jpg\",\"datePublished\":\"2024-03-25T12:44:19+00:00\",\"dateModified\":\"2025-10-07T12:10:57+00:00\",\"description\":\"Treten Sie mit Machatka Electronics in Kontakt. Wir beraten Sie gerne zu Elektronischen Lasten, DC\/AC-Testsystemen und USV-Anlagen. Jetzt unverbindlich anfragen!\",\"breadcrumb\":{\"@id\":\"https:\/\/www.machatka-electronics.at\/kontakt\/#breadcrumb\"},\"inLanguage\":\"en-US\",\"potentialAction\":[{\"@type\":\"ReadAction\",\"target\":[\"https:\/\/www.machatka-electronics.at\/kontakt\/\"]}]},{\"@type\":\"ImageObject\",\"inLanguage\":\"en-US\",\"@id\":\"https:\/\/www.machatka-electronics.at\/kontakt\/#primaryimage\",\"url\":\"https:\/\/www.machatka-electronics.at\/wp-content\/uploads\/2025\/10\/Christian-Machatka-akt-1.jpg\",\"contentUrl\":\"https:\/\/www.machatka-electronics.at\/wp-content\/uploads\/2025\/10\/Christian-Machatka-akt-1.jpg\"},{\"@type\":\"BreadcrumbList\",\"@id\":\"https:\/\/www.machatka-electronics.at\/kontakt\/#breadcrumb\",\"itemListElement\":[{\"@type\":\"ListItem\",\"position\":1,\"name\":\"Home\",\"item\":\"https:\/\/www.machatka-electronics.at\/de\/\"},{\"@type\":\"ListItem\",\"position\":2,\"name\":\"Kontakt\"}]},{\"@type\":\"WebSite\",\"@id\":\"https:\/\/www.machatka-electronics.at\/de\/#website\",\"url\":\"https:\/\/www.machatka-electronics.at\/de\/\",\"name\":\"Machatka-Electronics\",\"description\":\"Innovative Stromversorgungsl\u00f6sungen f\u00fcr eine nachhaltige Zukunft\",\"publisher\":{\"@id\":\"https:\/\/www.machatka-electronics.at\/de\/#organization\"},\"alternateName\":\"Machatka Electronics\",\"potentialAction\":[{\"@type\":\"SearchAction\",\"target\":{\"@type\":\"EntryPoint\",\"urlTemplate\":\"https:\/\/www.machatka-electronics.at\/de\/?s={search_term_string}\"},\"query-input\":{\"@type\":\"PropertyValueSpecification\",\"valueRequired\":true,\"valueName\":\"search_term_string\"}}],\"inLanguage\":\"en-US\"},{\"@type\":\"Organization\",\"@id\":\"https:\/\/www.machatka-electronics.at\/de\/#organization\",\"name\":\"Machatka-Electronics GmbH\",\"alternateName\":\"Machatka Electronics GmbH\",\"url\":\"https:\/\/www.machatka-electronics.at\/de\/\",\"logo\":{\"@type\":\"ImageObject\",\"inLanguage\":\"en-US\",\"@id\":\"https:\/\/www.machatka-electronics.at\/de\/#\/schema\/logo\/image\/\",\"url\":\"https:\/\/www.machatka-electronics.at\/wp-content\/uploads\/2024\/04\/cropped-Machatka_Electronics_Logo_blue.png\",\"contentUrl\":\"https:\/\/www.machatka-electronics.at\/wp-content\/uploads\/2024\/04\/cropped-Machatka_Electronics_Logo_blue.png\",\"width\":512,\"height\":200,\"caption\":\"Machatka-Electronics GmbH\"},\"image\":{\"@id\":\"https:\/\/www.machatka-electronics.at\/de\/#\/schema\/logo\/image\/\"}}]}<\/script>\n<!-- \/ Yoast SEO plugin. -->","yoast_head_json":{"title":"Kontakt - Machatka-Electronics","description":"Treten Sie mit Machatka Electronics in Kontakt. Wir beraten Sie gerne zu Elektronischen Lasten, DC\/AC-Testsystemen und USV-Anlagen. Jetzt unverbindlich anfragen!","robots":{"index":"index","follow":"follow","max-snippet":"max-snippet:-1","max-image-preview":"max-image-preview:large","max-video-preview":"max-video-preview:-1"},"canonical":"https:\/\/www.machatka-electronics.at\/en\/kontakt\/","og_locale":"en_US","og_type":"article","og_title":"Kontakt - Machatka-Electronics","og_description":"Treten Sie mit Machatka Electronics in Kontakt. Wir beraten Sie gerne zu Elektronischen Lasten, DC\/AC-Testsystemen und USV-Anlagen. Jetzt unverbindlich anfragen!","og_url":"https:\/\/www.machatka-electronics.at\/en\/kontakt\/","og_site_name":"Machatka-Electronics","article_modified_time":"2025-10-07T12:10:57+00:00","og_image":[{"url":"https:\/\/www.machatka-electronics.at\/wp-content\/uploads\/2025\/10\/Christian-Machatka-akt-1.jpg"}],"twitter_card":"summary_large_image","twitter_misc":{"Est. reading time":"2 minutes"},"schema":{"@context":"https:\/\/schema.org","@graph":[{"@type":"WebPage","@id":"https:\/\/www.machatka-electronics.at\/kontakt\/","url":"https:\/\/www.machatka-electronics.at\/kontakt\/","name":"Kontakt - Machatka-Electronics","isPartOf":{"@id":"https:\/\/www.machatka-electronics.at\/de\/#website"},"primaryImageOfPage":{"@id":"https:\/\/www.machatka-electronics.at\/kontakt\/#primaryimage"},"image":{"@id":"https:\/\/www.machatka-electronics.at\/kontakt\/#primaryimage"},"thumbnailUrl":"https:\/\/www.machatka-electronics.at\/wp-content\/uploads\/2025\/10\/Christian-Machatka-akt-1.jpg","datePublished":"2024-03-25T12:44:19+00:00","dateModified":"2025-10-07T12:10:57+00:00","description":"Treten Sie mit Machatka Electronics in Kontakt. Wir beraten Sie gerne zu Elektronischen Lasten, DC\/AC-Testsystemen und USV-Anlagen. Jetzt unverbindlich anfragen!","breadcrumb":{"@id":"https:\/\/www.machatka-electronics.at\/kontakt\/#breadcrumb"},"inLanguage":"en-US","potentialAction":[{"@type":"ReadAction","target":["https:\/\/www.machatka-electronics.at\/kontakt\/"]}]},{"@type":"ImageObject","inLanguage":"en-US","@id":"https:\/\/www.machatka-electronics.at\/kontakt\/#primaryimage","url":"https:\/\/www.machatka-electronics.at\/wp-content\/uploads\/2025\/10\/Christian-Machatka-akt-1.jpg","contentUrl":"https:\/\/www.machatka-electronics.at\/wp-content\/uploads\/2025\/10\/Christian-Machatka-akt-1.jpg"},{"@type":"BreadcrumbList","@id":"https:\/\/www.machatka-electronics.at\/kontakt\/#breadcrumb","itemListElement":[{"@type":"ListItem","position":1,"name":"Home","item":"https:\/\/www.machatka-electronics.at\/de\/"},{"@type":"ListItem","position":2,"name":"Kontakt"}]},{"@type":"WebSite","@id":"https:\/\/www.machatka-electronics.at\/de\/#website","url":"https:\/\/www.machatka-electronics.at\/de\/","name":"Machatka-Electronics","description":"Innovative Stromversorgungsl\u00f6sungen f\u00fcr eine nachhaltige Zukunft","publisher":{"@id":"https:\/\/www.machatka-electronics.at\/de\/#organization"},"alternateName":"Machatka Electronics","potentialAction":[{"@type":"SearchAction","target":{"@type":"EntryPoint","urlTemplate":"https:\/\/www.machatka-electronics.at\/de\/?s={search_term_string}"},"query-input":{"@type":"PropertyValueSpecification","valueRequired":true,"valueName":"search_term_string"}}],"inLanguage":"en-US"},{"@type":"Organization","@id":"https:\/\/www.machatka-electronics.at\/de\/#organization","name":"Machatka-Electronics GmbH","alternateName":"Machatka Electronics GmbH","url":"https:\/\/www.machatka-electronics.at\/de\/","logo":{"@type":"ImageObject","inLanguage":"en-US","@id":"https:\/\/www.machatka-electronics.at\/de\/#\/schema\/logo\/image\/","url":"https:\/\/www.machatka-electronics.at\/wp-content\/uploads\/2024\/04\/cropped-Machatka_Electronics_Logo_blue.png","contentUrl":"https:\/\/www.machatka-electronics.at\/wp-content\/uploads\/2024\/04\/cropped-Machatka_Electronics_Logo_blue.png","width":512,"height":200,"caption":"Machatka-Electronics GmbH"},"image":{"@id":"https:\/\/www.machatka-electronics.at\/de\/#\/schema\/logo\/image\/"}}]}},"_links":{"self":[{"href":"https:\/\/www.machatka-electronics.at\/en\/wp-json\/wp\/v2\/pages\/37","targetHints":{"allow":["GET"]}}],"collection":[{"href":"https:\/\/www.machatka-electronics.at\/en\/wp-json\/wp\/v2\/pages"}],"about":[{"href":"https:\/\/www.machatka-electronics.at\/en\/wp-json\/wp\/v2\/types\/page"}],"author":[{"embeddable":true,"href":"https:\/\/www.machatka-electronics.at\/en\/wp-json\/wp\/v2\/users\/1"}],"replies":[{"embeddable":true,"href":"https:\/\/www.machatka-electronics.at\/en\/wp-json\/wp\/v2\/comments?post=37"}],"version-history":[{"count":141,"href":"https:\/\/www.machatka-electronics.at\/en\/wp-json\/wp\/v2\/pages\/37\/revisions"}],"predecessor-version":[{"id":1444,"href":"https:\/\/www.machatka-electronics.at\/en\/wp-json\/wp\/v2\/pages\/37\/revisions\/1444"}],"wp:attachment":[{"href":"https:\/\/www.machatka-electronics.at\/en\/wp-json\/wp\/v2\/media?parent=37"}],"curies":[{"name":"wp","href":"https:\/\/api.w.org\/{rel}","templated":true}]}}